{"id":137,"date":"2016-11-24T07:22:57","date_gmt":"2016-11-24T07:22:57","guid":{"rendered":"https:\/\/2017.rome.wordcamp.org\/sponsors\/"},"modified":"2018-09-12T14:49:43","modified_gmt":"2018-09-12T14:49:43","slug":"sponsors","status":"publish","type":"page","link":"https:\/\/rome.wordcamp.org\/2018\/sponsors\/","title":{"rendered":"Sponsors"},"content":{"rendered":"<p style=\"text-align: center\">\n\t<div class=\"wcorg-sponsors\">\n\t\t\n\t\t\t<div class=\"wcorg-sponsor-level-gold\">\n\t\t\t\t<h2>Gold<\/h2>\n\n\t\t\t\t\n\t\t\t\t\t<div id=\"wcorg-sponsor-20\" class=\"wcorg-sponsor\">\n\t\t\t\t\t\t\t\t\t\t\t\t\t\t\t\t\t\t\t\t\t<h3>\n\t\t\t\t\t\t\t\t\tWooCommerce\t\t\t\t\t\t\t\t<\/h3>\n\t\t\t\t\t\t\t\t\t\t\t\t\t\n\t\t\t\t\t\t<div class=\"wcorg-sponsor-description\">\n\t\t\t\t\t\t\t\t\t\t\t\t\t\t\t<img loading=\"lazy\" decoding=\"async\" width=\"432\" height=\"87\" src=\"https:\/\/rome.wordcamp.org\/2018\/files\/2018\/05\/woocommerce_logo.png\" class=\"attachment-wcb-sponsor-logo-horizontal-2x size-wcb-sponsor-logo-horizontal-2x wp-post-image\" alt=\"WooCommerce\" srcset=\"https:\/\/rome.wordcamp.org\/2018\/files\/2018\/05\/woocommerce_logo.png 432w, https:\/\/rome.wordcamp.org\/2018\/files\/2018\/05\/woocommerce_logo-300x60.png 300w\" sizes=\"auto, 100vw\" \/>\t\t\t\t\t\t\t\n\t\t\t\t\t\t\t\t\t\t\t\t\t\t\t28% of all online stores are powered by WooCommerce. Built on WordPress, WooCommerce is a fully customizable, open source\u00a0eCommerce\u00a0solution.\r\n<ul>\r\n \t<li><a href=\"https:\/\/wordpress.org\/plugins\/woocommerce\/stats\/\" rel=\"nofollow\">3+ million active installations<\/a><\/li>\r\n \t<li>50+ million downloads<\/li>\r\n \t<li>450+ extensions to add functionality<\/li>\r\n<\/ul>\r\nWhether you\u2019re selling a few handcrafted items to a niche market, taking an existing business online, or going global with an enterprise level eCommerce business\u00a0\u2013 WooCommerce will get you set up and selling fast and\u00a0scale securely as you grow. Plus your content will be forever yours and customizable down to the finest button color.\r\n\r\nDeveloped and supported by a distributed team, WooCommerce is powered\u00a0by Automattic, the creators of WordPress.com.\t\t\t\t\t\t\t\t\t\t\t\t\t<\/div>\n\t\t\t\t\t<\/div><!-- #sponsor -->\n\t\t\t\t\n\t\t\t\t\t<div id=\"wcorg-sponsor-22\" class=\"wcorg-sponsor\">\n\t\t\t\t\t\t\t\t\t\t\t\t\t\t\t\t\t\t\t\t\t<h3>\n\t\t\t\t\t\t\t\t\tJetpack\t\t\t\t\t\t\t\t<\/h3>\n\t\t\t\t\t\t\t\t\t\t\t\t\t\n\t\t\t\t\t\t<div class=\"wcorg-sponsor-description\">\n\t\t\t\t\t\t\t\t\t\t\t\t\t\t\t<img loading=\"lazy\" decoding=\"async\" width=\"545\" height=\"150\" src=\"https:\/\/rome.wordcamp.org\/2018\/files\/2018\/05\/Jetpack_Horizontal_RGB-1.png\" class=\"attachment-wcb-sponsor-logo-horizontal-2x size-wcb-sponsor-logo-horizontal-2x wp-post-image\" alt=\"Jetpack\" srcset=\"https:\/\/rome.wordcamp.org\/2018\/files\/2018\/05\/Jetpack_Horizontal_RGB-1.png 545w, https:\/\/rome.wordcamp.org\/2018\/files\/2018\/05\/Jetpack_Horizontal_RGB-1-300x83.png 300w, https:\/\/rome.wordcamp.org\/2018\/files\/2018\/05\/Jetpack_Horizontal_RGB-1-500x138.png 500w\" sizes=\"auto, 100vw\" \/>\t\t\t\t\t\t\t\n\t\t\t\t\t\t\t\t\t\t\t\t\t\t\t<p>Transform how you work with your WordPress sites and rest easy knowing they\u2019re always firing on all cylinders. Jetpack connects your site to the global services, community, and support provided by WordPress.com so you can focus on the stuff that matters.<\/p>\n<p>Jetpack automatically shields your site from the unwanted attention of spammers, hackers, and malware, while real-time sync and backup means you don\u2019t have to worry about data loss. Straightforward traffic-building tools help you attract the attention of readers and search engines. Pages and videos are delivered at high speed from a global, ad-free content delivery network.<\/p>\n<p>With Jetpack\u2019s Affiliate program you can earn 20% for every sale of Jetpack to your customers and clients. And with unlimited referrals, the sky\u2019s the limit! Refer as many clients and contacts as you can, and get paid for every sale you generate.<\/p>\n<p>Make your site work for you. Get your Jetpack today at <a href=\"http:\/\/jetpack.com\" rel=\"nofollow\">Jetpack.com<\/a><\/p>\n\t\t\t\t\t\t\t\t\t\t\t\t\t<\/div>\n\t\t\t\t\t<\/div><!-- #sponsor -->\n\t\t\t\t\t\t\t<\/div><!-- .wcorg-sponsor-level -->\n\t\t\n\t\t\t<div class=\"wcorg-sponsor-level-silver\">\n\t\t\t\t<h2>Silver<\/h2>\n\n\t\t\t\t\n\t\t\t\t\t<div id=\"wcorg-sponsor-24\" class=\"wcorg-sponsor\">\n\t\t\t\t\t\t\t\t\t\t\t\t\t\t\t\t\t\t\t\t\t<h3>\n\t\t\t\t\t\t\t\t\tGoDaddy\t\t\t\t\t\t\t\t<\/h3>\n\t\t\t\t\t\t\t\t\t\t\t\t\t\n\t\t\t\t\t\t<div class=\"wcorg-sponsor-description\">\n\t\t\t\t\t\t\t\t\t\t\t\t\t\t\t<img loading=\"lazy\" decoding=\"async\" width=\"400\" height=\"91\" src=\"https:\/\/rome.wordcamp.org\/2018\/files\/2018\/05\/GoDaddy_Pro_RGB_Full_B2.png\" class=\"attachment-wcb-sponsor-logo-horizontal-2x size-wcb-sponsor-logo-horizontal-2x wp-post-image\" alt=\"GoDaddy\" srcset=\"https:\/\/rome.wordcamp.org\/2018\/files\/2018\/05\/GoDaddy_Pro_RGB_Full_B2.png 400w, https:\/\/rome.wordcamp.org\/2018\/files\/2018\/05\/GoDaddy_Pro_RGB_Full_B2-300x68.png 300w\" sizes=\"auto, 100vw\" \/>\t\t\t\t\t\t\t\n\t\t\t\t\t\t\t\t\t\t\t\t\t\t\t<p>GoDaddy Pro offers a robust suite of free tools to web developers &amp; designers to help them save time managing all their clients and sites. With GoDaddy Pro, you can easily shop for your client, monitor their sites, and manage all their WordPress websites from one place. Exclusive time-saving tools let you update WordPress core, plugins and themes with one click, as well as automate WordPress backups, cloning and migrations. Get real-time performance, security and uptime monitoring across all your websites. Additionally, your free membership includes advanced 24\/7 technical support.<\/p>\n<p>When you pair GoDaddy Pro with GoDaddy hosting products, the benefits are even greater.<\/p>\n<p><a href=\"https:\/\/www.godaddy.com\/pro?utm_source=wcg18&amp;utm_medium=advocacy&amp;utm_campaign=en-us_pro_advocacy_base\" target=\"_blank\" rel=\"noopener nofollow\">Check out the Free Tools<\/a><\/p>\n\t\t\t\t\t\t\t\t\t\t\t\t\t<\/div>\n\t\t\t\t\t<\/div><!-- #sponsor -->\n\t\t\t\t\n\t\t\t\t\t<div id=\"wcorg-sponsor-26\" class=\"wcorg-sponsor\">\n\t\t\t\t\t\t\t\t\t\t\t\t\t\t\t\t\t\t\t\t\t<h3>\n\t\t\t\t\t\t\t\t\tBluehost\t\t\t\t\t\t\t\t<\/h3>\n\t\t\t\t\t\t\t\t\t\t\t\t\t\n\t\t\t\t\t\t<div class=\"wcorg-sponsor-description\">\n\t\t\t\t\t\t\t\t\t\t\t\t\t\t\t<img loading=\"lazy\" decoding=\"async\" width=\"651\" height=\"137\" src=\"https:\/\/rome.wordcamp.org\/2018\/files\/2018\/05\/bh_logo_2015.png\" class=\"attachment-wcb-sponsor-logo-horizontal-2x size-wcb-sponsor-logo-horizontal-2x wp-post-image\" alt=\"Bluehost\" srcset=\"https:\/\/rome.wordcamp.org\/2018\/files\/2018\/05\/bh_logo_2015.png 651w, https:\/\/rome.wordcamp.org\/2018\/files\/2018\/05\/bh_logo_2015-300x63.png 300w, https:\/\/rome.wordcamp.org\/2018\/files\/2018\/05\/bh_logo_2015-500x105.png 500w\" sizes=\"auto, 100vw\" \/>\t\t\t\t\t\t\t\n\t\t\t\t\t\t\t\t\t\t\t\t\t\t\t<p><a href=\"https:\/\/www.bluehost.com\/\" rel=\"nofollow\">Bluehost<\/a> has been a WordPress partner since 2005 and powers over 1 million WordPress sites worldwide. Their objective is to help customers, whether novice or pro, create a thriving online presence at an affordable price. With a team of in-house tech experts available 24\/7, Bluehost dedicates time and resources to providing the best support and services in the industry. Join millions of other site owners and see what Bluehost can do for you and your online presence.<\/p>\n\t\t\t\t\t\t\t\t\t\t\t\t\t<\/div>\n\t\t\t\t\t<\/div><!-- #sponsor -->\n\t\t\t\t\n\t\t\t\t\t<div id=\"wcorg-sponsor-2657\" class=\"wcorg-sponsor\">\n\t\t\t\t\t\t\t\t\t\t\t\t\t\t\t\t\t\t\t\t\t<h3>\n\t\t\t\t\t\t\t\t\tSiteGround\t\t\t\t\t\t\t\t<\/h3>\n\t\t\t\t\t\t\t\t\t\t\t\t\t\n\t\t\t\t\t\t<div class=\"wcorg-sponsor-description\">\n\t\t\t\t\t\t\t\t\t\t\t\t\t\t\t<img loading=\"lazy\" decoding=\"async\" width=\"444\" height=\"125\" src=\"https:\/\/rome.wordcamp.org\/2018\/files\/2018\/07\/SITEGROUND-logo.png\" class=\"attachment-wcb-sponsor-logo-horizontal-2x size-wcb-sponsor-logo-horizontal-2x wp-post-image\" alt=\"SiteGround\" srcset=\"https:\/\/rome.wordcamp.org\/2018\/files\/2018\/07\/SITEGROUND-logo.png 444w, https:\/\/rome.wordcamp.org\/2018\/files\/2018\/07\/SITEGROUND-logo-300x84.png 300w\" sizes=\"auto, 100vw\" \/>\t\t\t\t\t\t\t\n\t\t\t\t\t\t\t\t\t\t\t\t\t\t\t<div><strong>ITA<\/strong><\/div>\n<div><\/div>\n<div>\n<p><a class=\"m_4334717690471315529yiv6716490086\" href=\"http:\/\/www.siteground.com\/\" target=\"_blank\" rel=\"nofollow noopener\"><span class=\"m_4334717690471315529yiv6716490086\">SiteGround<\/span><\/a><span class=\"m_4334717690471315529yiv6716490086\">, con oltre 13 anni nel settore, fornisce servizi di<\/span><a class=\"m_4334717690471315529yiv6716490086\" href=\"http:\/\/www.siteground.com\/wordpress-hosting.htm\" target=\"_blank\" rel=\"nofollow noopener\"><span class=\"m_4334717690471315529yiv6716490086\"><span class=\"m_4334717690471315529yiv6716490086Apple-converted-space\">\u00a0<\/span><\/span><span class=\"m_4334717690471315529yiv6716490086\">hosting WordPress<\/span><\/a><span class=\"m_4334717690471315529yiv6716490086\"><span class=\"m_4334717690471315529yiv6716490086\"><span class=\"m_4334717690471315529yiv6716490086Apple-converted-space\">\u00a0<\/span>gestito a cui non manca proprio niente! I loro server, presenti in 5 data center su 3 continenti, sono ottimizzati per la massima velocit\u00e0 e la totale sicurezza di WordPress; inoltre, forniscono molte chicche per i fan di WordPress \u2013 aggiornamenti automatici per il core di WordPress e i plugin, WordPress SuperCacher per l\u2019incremento massimo della velocit\u00e0, strumenti di staging per i programmatori e l&#8217;esclusivo autoinstaller di WordPress per i principianti \u2013 tutte create internamente dal team SiteGround. Tuttavia, non dimenticano l&#8217;importanza delle care vecchie caratteristiche standard di hosting, come la registrazione di \u00a0dominio, il servizio e-mail, il pannello di controllo e il prezzo ragionevole. Il team di assistenza non solo \u00e8 disponibile 24\/7 tramite telefono, chat e sistema di ticket, ma \u00e8 costituito da appassionati di WordPress che ti aiuteranno a risolvere questioni specifiche di WordPress. SiteGround \u00e8 attivo nella comunit\u00e0: parlando, supportando e partecipando a vari WordCamps e WordPress meetups in tutto il mondo e sponsorizzando WordCamp Rome, SiteGround desidera dare un ulteriore contributo alla straordinaria community di WordPress.<\/span><\/span><\/p>\n<p><strong>ENG<\/strong><\/p>\n<p>&nbsp;<\/p>\n<div><span class=\"m_4334717690471315529yiv6716490086\"><a class=\"m_4334717690471315529yiv6716490086\" href=\"http:\/\/www.siteground.com\/\" target=\"_blank\" rel=\"nofollow noopener\">SiteGround<\/a><\/span><span class=\"m_4334717690471315529yiv6716490086\">, with over 13 years in the business, provides managed <\/span><a class=\"m_4334717690471315529yiv6716490086\" href=\"http:\/\/www.siteground.com\/wordpress-hosting.htm\" target=\"_blank\" rel=\"nofollow noopener\"><span class=\"m_4334717690471315529yiv6716490086\">WordPress hosting<\/span><\/a><span class=\"m_4334717690471315529yiv6716490086\"> that does not miss a thing! Their servers, available in 5 data centers on 3 continents, are optimized for ultimate WordPress speed and security and they provide many goodies for the WordPress fans \u2013 automatic updates for the core WordPress and its plugins, WordPress SuperCacher for ultimate speed acceleration, staging tool for the coders and unique WordPress autoinstaller for the starting users \u2013 all crafted in-house by the SiteGround team. And still they do not forget the importance of the good old standard hosting features like the domain name registration, the email service, control panel and the reasonable pricing. They also have a support team that is not only available 24\/7 by phone, chat and ticketing, but consists of WordPress enthusiasts who will help you with specific WordPress issues. SiteGround has been actively involved with the community speaking, supporting and attending various WordCamps &amp; WordPress meetups around the world and by sponsoring <\/span><span class=\"m_4334717690471315529yiv6716490086\">WordPress Rome,<\/span><span class=\"m_4334717690471315529yiv6716490086\"> they want to further contribute to the amazing WordPress community.<\/span><\/div>\n<\/div>\n\t\t\t\t\t\t\t\t\t\t\t\t\t<\/div>\n\t\t\t\t\t<\/div><!-- #sponsor -->\n\t\t\t\t\n\t\t\t\t\t<div id=\"wcorg-sponsor-2705\" class=\"wcorg-sponsor\">\n\t\t\t\t\t\t\t\t\t\t\t\t\t\t\t\t\t\t\t\t\t<h3>\n\t\t\t\t\t\t\t\t\tYITH\t\t\t\t\t\t\t\t<\/h3>\n\t\t\t\t\t\t\t\t\t\t\t\t\t\n\t\t\t\t\t\t<div class=\"wcorg-sponsor-description\">\n\t\t\t\t\t\t\t\t\t\t\t\t\t\t\t<img loading=\"lazy\" decoding=\"async\" width=\"400\" height=\"259\" src=\"https:\/\/rome.wordcamp.org\/2018\/files\/2018\/08\/logoyith.png\" class=\"attachment-wcb-sponsor-logo-horizontal-2x size-wcb-sponsor-logo-horizontal-2x wp-post-image\" alt=\"YITH\" srcset=\"https:\/\/rome.wordcamp.org\/2018\/files\/2018\/08\/logoyith.png 400w, https:\/\/rome.wordcamp.org\/2018\/files\/2018\/08\/logoyith-300x194.png 300w\" sizes=\"auto, 100vw\" \/>\t\t\t\t\t\t\t\n\t\t\t\t\t\t\t\t\t\t\t\t\t\t\t<p><strong>ITA<\/strong><\/p>\n<p>Noi di <a href=\"https:\/\/yithemes.com\/\" target=\"_blank\" rel=\"noopener nofollow\">YITH<\/a> sviluppiamo temi ed estensioni per e-commerce realizzati con WooCommerce. Da anni la nostra filosofia \u00e8 basata sulla semplicit\u00e0 e l\u2019efficacia, concetti fondamentali per la buona realizzazione di qualsiasi business online.<\/p>\n<p>La nostra punta di diamante, che ci rende orgogliosi, \u00e8 la qualit\u00e0 del servizio di supporto attraverso il quale ci prendiamo cura dei nostri clienti che non vengono mai considerati un numero, bens\u00ec delle persone con un volto, un nome e una storia a cui diamo tutta la nostra attenzione.<\/p>\n<p><a href=\"https:\/\/yithemes.com\/\" target=\"_blank\" rel=\"noopener nofollow\">https:\/\/yithemes.com\/<\/a><\/p>\n<p><strong>ENG<\/strong><\/p>\n<p>At <a href=\"https:\/\/yithemes.com\/\" target=\"_blank\" rel=\"noopener nofollow\">YITH<\/a> we develop innovative WordPress themes and plugins for WooCommerce based sites. For years our philosophy has been based on simplicity and effectiveness as basic concepts required in any professional online business.<\/p>\n<p>Our crown jewel, that makes us proud, is our high-quality support service, through which we take care of our customers day-by-day, never as a number, but as people with faces, names and a personal history that we deeply care for.<\/p>\n<p><a href=\"https:\/\/yithemes.com\/\" target=\"_blank\" rel=\"noopener nofollow\">https:\/\/yithemes.com\/<\/a><\/p>\n\t\t\t\t\t\t\t\t\t\t\t\t\t<\/div>\n\t\t\t\t\t<\/div><!-- #sponsor -->\n\t\t\t\t\n\t\t\t\t\t<div id=\"wcorg-sponsor-2710\" class=\"wcorg-sponsor\">\n\t\t\t\t\t\t\t\t\t\t\t\t\t\t\t\t\t\t\t\t\t<h3>\n\t\t\t\t\t\t\t\t\tWordLift\t\t\t\t\t\t\t\t<\/h3>\n\t\t\t\t\t\t\t\t\t\t\t\t\t\n\t\t\t\t\t\t<div class=\"wcorg-sponsor-description\">\n\t\t\t\t\t\t\t\t\t\t\t\t\t\t\t<img loading=\"lazy\" decoding=\"async\" width=\"736\" height=\"245\" src=\"https:\/\/rome.wordcamp.org\/2018\/files\/2018\/08\/WordLift.png\" class=\"attachment-wcb-sponsor-logo-horizontal-2x size-wcb-sponsor-logo-horizontal-2x wp-post-image\" alt=\"WordLift\" srcset=\"https:\/\/rome.wordcamp.org\/2018\/files\/2018\/08\/WordLift.png 736w, https:\/\/rome.wordcamp.org\/2018\/files\/2018\/08\/WordLift-300x100.png 300w, https:\/\/rome.wordcamp.org\/2018\/files\/2018\/08\/WordLift-500x166.png 500w\" sizes=\"auto, 100vw\" \/>\t\t\t\t\t\t\t\n\t\t\t\t\t\t\t\t\t\t\t\t\t\t\t<p><strong>ITA<\/strong><br \/>\nWordLift \u00e8 un <a href=\"https:\/\/wordlift.io\" target=\"_blank\" rel=\"noopener nofollow\">plugin di intelligenza artificiale per WordPress<\/a> che lavora come un consulente SEO per far crescere il traffico del tuo sito web e coinvolgere il pubblico.<\/p>\n<p>WordLift automatizza la <strong>SEO<\/strong>, aiutando i motori di ricerca a capire il contenuto delle tue pagine.<\/p>\n<p>Il plugin migliora l\u2019<strong>organizzazione dei contenuti<\/strong> e arricchisce l\u2019<strong>esperienza degli utenti<\/strong> del tuo sito web.<\/p>\n<p>Sviluppato a Roma con amore.<br \/>\nDedicato a blogger, content marketer e giornalisti che scrivono con passione e che vogliono farsi leggere.<\/p>\n<p><strong>ENG<\/strong><br \/>\nWordLift is an <strong>AI Plugin for WordPress<\/strong> that does what an SEO expert would do to grow the traffic and to engage the audience of your website.<\/p>\n<p>WordLift automates <strong>SEO<\/strong>, helping search engines understand the content of your pages.<\/p>\n<p>WordLift improves your <strong>content organization<\/strong> and enriches the <strong>user experience<\/strong> of your web site.<\/p>\n<p>Happily developed in Rome.<br \/>\nDedicated to bloggers, content marketers and journalists who write with passion and want to be read.<\/p>\n\t\t\t\t\t\t\t\t\t\t\t\t\t<\/div>\n\t\t\t\t\t<\/div><!-- #sponsor -->\n\t\t\t\t\n\t\t\t\t\t<div id=\"wcorg-sponsor-3039\" class=\"wcorg-sponsor\">\n\t\t\t\t\t\t\t\t\t\t\t\t\t\t\t\t\t\t\t\t\t<h3>\n\t\t\t\t\t\t\t\t\trankingCoach\t\t\t\t\t\t\t\t<\/h3>\n\t\t\t\t\t\t\t\t\t\t\t\t\t\n\t\t\t\t\t\t<div class=\"wcorg-sponsor-description\">\n\t\t\t\t\t\t\t\t\t\t\t\t\t\t\t<img loading=\"lazy\" decoding=\"async\" width=\"2358\" height=\"336\" src=\"https:\/\/rome.wordcamp.org\/2018\/files\/2018\/09\/rankcoach.png\" class=\"attachment-wcb-sponsor-logo-horizontal-2x size-wcb-sponsor-logo-horizontal-2x wp-post-image\" alt=\"rankingCoach\" srcset=\"https:\/\/rome.wordcamp.org\/2018\/files\/2018\/09\/rankcoach.png 2358w, https:\/\/rome.wordcamp.org\/2018\/files\/2018\/09\/rankcoach-300x43.png 300w, https:\/\/rome.wordcamp.org\/2018\/files\/2018\/09\/rankcoach-768x109.png 768w, https:\/\/rome.wordcamp.org\/2018\/files\/2018\/09\/rankcoach-1024x146.png 1024w, https:\/\/rome.wordcamp.org\/2018\/files\/2018\/09\/rankcoach-500x71.png 500w\" sizes=\"auto, 100vw\" \/>\t\t\t\t\t\t\t\n\t\t\t\t\t\t\t\t\t\t\t\t\t\t\t<p>rankingCoach \u00e8 una startup di successo nata a Colonia (Germania) che fornisce soluzioni di web marketing per agenzie, grafici e societ\u00e0 di web hosting in maniera semplice ed efficiente.<br \/>\nIl nostro software permette di espandere e professionalizzare i servizi: tutto all\u2019interno della VERSIONE AGENZIA di rankingCoach, facile e intuitiva da usare!<br \/>\nIn pochi minuti sviluppa strategie di web marketing personalizzate per i propri clienti e monitora i loro siti web per migliorare la posizione nei risultati di ricerca di Google. Uno strumento adatto per gestire e migliorare la visibilit\u00e0 online dei propri clienti, in maniera professionale e grazie a un&#8217;adeguata integrazione del tool ai servizi d\u2019agenzia.<\/p>\n\t\t\t\t\t\t\t\t\t\t\t\t\t<\/div>\n\t\t\t\t\t<\/div><!-- #sponsor -->\n\t\t\t\t\t\t\t<\/div><!-- .wcorg-sponsor-level -->\n\t\t\n\t\t\t<div class=\"wcorg-sponsor-level-contributor-day-partner\">\n\t\t\t\t<h2>Contributor Day Partner<\/h2>\n\n\t\t\t\t\n\t\t\t\t\t<div id=\"wcorg-sponsor-3267\" class=\"wcorg-sponsor\">\n\t\t\t\t\t\t\t\t\t\t\t\t\t\t\t\t\t\t\t\t\t<h3>\n\t\t\t\t\t\t\t\t\tLUISS EnLabs &amp; LVenture Group\t\t\t\t\t\t\t\t<\/h3>\n\t\t\t\t\t\t\t\t\t\t\t\t\t\n\t\t\t\t\t\t<div class=\"wcorg-sponsor-description\">\n\t\t\t\t\t\t\t\t\t\t\t\t\t\t\t<img loading=\"lazy\" decoding=\"async\" width=\"923\" height=\"169\" src=\"https:\/\/rome.wordcamp.org\/2018\/files\/2018\/09\/loghi-doppi-colore-orizzontali-1.png\" class=\"attachment-wcb-sponsor-logo-horizontal-2x size-wcb-sponsor-logo-horizontal-2x wp-post-image\" alt=\"LUISS EnLabs &amp; LVenture Group\" srcset=\"https:\/\/rome.wordcamp.org\/2018\/files\/2018\/09\/loghi-doppi-colore-orizzontali-1.png 923w, https:\/\/rome.wordcamp.org\/2018\/files\/2018\/09\/loghi-doppi-colore-orizzontali-1-300x55.png 300w, https:\/\/rome.wordcamp.org\/2018\/files\/2018\/09\/loghi-doppi-colore-orizzontali-1-768x141.png 768w, https:\/\/rome.wordcamp.org\/2018\/files\/2018\/09\/loghi-doppi-colore-orizzontali-1-500x92.png 500w\" sizes=\"auto, 100vw\" \/>\t\t\t\t\t\t\t\n\t\t\t\t\t\t\t\t\t\t\t\t\t\t\t<p><strong>ITA<\/strong><\/p>\n<p>LVenture Group SpA e\u0300 una holding di partecipazioni quotata sul MTA di Borsa Italiana che opera nel settore del Venture Capital. Assieme al suo acceleratore LUISS EnLabs \u201c<i>La Fabbrica delle Startup<\/i>\u201d, nato nel 2013 da una joint venture con l\u2019Universit\u00e0 LUISS Guido Carli, \u00e8 oggi uno dei punti di riferimento dell\u2019innovazione in Italia, con un portafoglio di oltre 55 startup. Il modello di business e\u0300 basato sulle plusvalenze derivanti dalle exit delle startup in portfolio, che possono avvenire tramite operazioni di M&amp;A o IPO.\u00a0Al proprio Hub, 5.000 mq all\u2019interno della Stazione Termini di Roma, si aggiunge il nuovo spazio milanese presso il Milano LUISS Hub.<\/p>\n<p><a href=\"http:\/\/lventuregroup.com\/\" rel=\"nofollow\">http:\/\/lventuregroup.com\/<\/a><br \/>\n<a href=\"http:\/\/luissenlabs.com\" rel=\"nofollow\">http:\/\/luissenlabs.com<\/a><\/p>\n<p><strong>ENG<\/strong><\/p>\n<p>LVenture Group SpA is a holding company, listed on the MTA of the Italian Stock Exchange, operating on the field of Venture Capital.\u00a0It manages the Startup accelerator LUISS EnLabs &#8220;The Startup Factory&#8221;, born from a joint venture with LUISS Guido Carli University, which today is a reference point in Italian innovation. \u00a0To this date the investment portfolio includes more than 55 startups.\u00a0The business model is prevelently based on capital gains deriving from the exits of portfolio startups, through M&amp;A or IPO operations.\u00a0The Hub at Termini Station in Rome holds 5.000 square metres of space and additionally LVenture Group has taken on a new space in Milan, at the Milano LUISS Hub.<\/p>\n<p><a href=\"http:\/\/lventuregroup.com\/\" rel=\"nofollow\">http:\/\/lventuregroup.com\/<\/a><br \/>\n<a href=\"http:\/\/luissenlabs.com\" rel=\"nofollow\">http:\/\/luissenlabs.com<\/a><\/p>\n\t\t\t\t\t\t\t\t\t\t\t\t\t<\/div>\n\t\t\t\t\t<\/div><!-- #sponsor -->\n\t\t\t\t\t\t\t<\/div><!-- .wcorg-sponsor-level -->\n\t\t\n\t\t\t<div class=\"wcorg-sponsor-level-sticker-partner\">\n\t\t\t\t<h2>Sticker Partner<\/h2>\n\n\t\t\t\t\n\t\t\t\t\t<div id=\"wcorg-sponsor-2684\" class=\"wcorg-sponsor\">\n\t\t\t\t\t\t\t\t\t\t\t\t\t\t\t\t\t\t\t\t\t<h3>\n\t\t\t\t\t\t\t\t\tSticker Mule\t\t\t\t\t\t\t\t<\/h3>\n\t\t\t\t\t\t\t\t\t\t\t\t\t\n\t\t\t\t\t\t<div class=\"wcorg-sponsor-description\">\n\t\t\t\t\t\t\t\t\t\t\t\t\t\t\t<img loading=\"lazy\" decoding=\"async\" width=\"1320\" height=\"450\" src=\"https:\/\/rome.wordcamp.org\/2018\/files\/2018\/07\/sticker-mule-logo-light.png\" class=\"attachment-wcb-sponsor-logo-horizontal-2x size-wcb-sponsor-logo-horizontal-2x wp-post-image\" alt=\"Sticker Mule\" srcset=\"https:\/\/rome.wordcamp.org\/2018\/files\/2018\/07\/sticker-mule-logo-light.png 1320w, https:\/\/rome.wordcamp.org\/2018\/files\/2018\/07\/sticker-mule-logo-light-300x102.png 300w, https:\/\/rome.wordcamp.org\/2018\/files\/2018\/07\/sticker-mule-logo-light-768x262.png 768w, https:\/\/rome.wordcamp.org\/2018\/files\/2018\/07\/sticker-mule-logo-light-1024x349.png 1024w, https:\/\/rome.wordcamp.org\/2018\/files\/2018\/07\/sticker-mule-logo-light-500x170.png 500w\" sizes=\"auto, 100vw\" \/>\t\t\t\t\t\t\t\n\t\t\t\t\t\t\t\t\t\t\t\t\t\t\t<p><a href=\"https:\/\/www.stickermule.com\/supports\/wordcamps\" rel=\"nofollow\">https:\/\/www.stickermule.com\/supports\/wordcamps<\/a><\/p>\n\t\t\t\t\t\t\t\t\t\t\t\t\t<\/div>\n\t\t\t\t\t<\/div><!-- #sponsor -->\n\t\t\t\t\t\t\t<\/div><!-- .wcorg-sponsor-level -->\n\t\t\t<\/div><!-- .wcorg-sponsors -->\n\n\t<\/p>\n<p>\u00a0<\/p>\n<h2 style=\"text-align: center\">MICROSPONSORS<\/h2>\n\n\n<div class=\"wp-block-columns has-2-columns is-layout-flex wp-container-core-columns-is-layout-9d6595d7 wp-block-columns-is-layout-flex\">\n<div class=\"wp-block-column is-layout-flow wp-block-column-is-layout-flow\">\n<figure class=\"wp-block-image is-resized displeibloc\"><a href=\"https:\/\/www.cheweb.it\/\" rel=\"nofollow\"><img loading=\"lazy\" decoding=\"async\" src=\"https:\/\/2018.rome.wordcamp.org\/files\/2018\/09\/logo-cheweb.png\" alt=\"\" class=\"wp-image-3382\" width=\"116\" height=\"112\" \/><\/a><\/figure>\n<\/div>\n\n\n\n<div class=\"wp-block-column is-layout-flow wp-block-column-is-layout-flow\">\n<p><\/p>\n\n\n\n<figure class=\"wp-block-image is-resized displeibloc\"><a href=\"https:\/\/www.tischdecke.de\/\" rel=\"nofollow\"><img loading=\"lazy\" decoding=\"async\" src=\"https:\/\/2018.rome.wordcamp.org\/files\/2018\/09\/tischdecke-logo.png\" alt=\"\" class=\"wp-image-3383\" width=\"221\" height=\"57\" \/><\/a><\/figure>\n<\/div>\n<\/div>\n\n\n\n<p><\/p>\n\n\n\n<hr class=\"wp-block-separator\" \/>\n\n\n\n<p><\/p>\n\n\n\n<p>Check out our\u00a0<a href=\"https:\/\/2018.rome.wordcamp.org\/call-for-sponsors\" rel=\"nofollow\">Call for Sponsors<\/a>\u00a0post for details on how you can help make this year&#8217;s WordCamp the best it can be!<\/p>\n","protected":false},"excerpt":{"rendered":"<p>\u00a0 MICROSPONSORS Check out our\u00a0Call for Sponsors\u00a0post for details on how you can help make this year&#8217;s WordCamp the best it can be!<\/p>\n","protected":false},"author":11918168,"featured_media":965,"parent":0,"menu_order":0,"comment_status":"closed","ping_status":"closed","template":"","meta":{"jetpack_post_was_ever_published":false,"footnotes":""},"class_list":["post-137","page","type-page","status-publish","has-post-thumbnail","hentry"],"jetpack_sharing_enabled":true,"jetpack_shortlink":"https:\/\/wp.me\/P9XPAE-2d","_links":{"self":[{"href":"https:\/\/rome.wordcamp.org\/2018\/wp-json\/wp\/v2\/pages\/137","targetHints":{"allow":["GET"]}}],"collection":[{"href":"https:\/\/rome.wordcamp.org\/2018\/wp-json\/wp\/v2\/pages"}],"about":[{"href":"https:\/\/rome.wordcamp.org\/2018\/wp-json\/wp\/v2\/types\/page"}],"author":[{"embeddable":true,"href":"https:\/\/rome.wordcamp.org\/2018\/wp-json\/wp\/v2\/users\/11918168"}],"replies":[{"embeddable":true,"href":"https:\/\/rome.wordcamp.org\/2018\/wp-json\/wp\/v2\/comments?post=137"}],"version-history":[{"count":3,"href":"https:\/\/rome.wordcamp.org\/2018\/wp-json\/wp\/v2\/pages\/137\/revisions"}],"predecessor-version":[{"id":3388,"href":"https:\/\/rome.wordcamp.org\/2018\/wp-json\/wp\/v2\/pages\/137\/revisions\/3388"}],"wp:featuredmedia":[{"embeddable":true,"href":"https:\/\/rome.wordcamp.org\/2018\/wp-json\/"}],"wp:attachment":[{"href":"https:\/\/rome.wordcamp.org\/2018\/wp-json\/wp\/v2\/media?parent=137"}],"curies":[{"name":"wp","href":"https:\/\/api.w.org\/{rel}","templated":true}]}}