{"id":345,"date":"2017-08-26T11:07:28","date_gmt":"2017-08-26T11:07:28","guid":{"rendered":"https:\/\/2017.rome.wordcamp.org\/?page_id=345"},"modified":"2018-07-06T15:49:02","modified_gmt":"2018-07-06T15:49:02","slug":"calls","status":"publish","type":"page","link":"https:\/\/rome.wordcamp.org\/2018\/calls\/","title":{"rendered":"Calls"},"content":{"rendered":"<p><em class=\"lang\">Italian text is followed by\u00a0English<\/em><\/p>\n<p class=\"ita\">Sei interessato a partecipare e a darci una mano a far diventare <strong>grande<\/strong> il <strong>WordCamp Roma 2018<\/strong>? Qua sotto puoi trovare le <em>call<\/em> che abbiamo aperto e nelle quali potresti partecipare.<\/p>\n<h2>Call for Sponsors<\/h2>\n<p>Vuoi avere l&#8217;opportunit\u00e0 di far conoscere il tuo prodotto a centinaia di persone e al tempo stesso aiutarci a organizzare il pi\u00f9 bell&#8217;evento dedicato a WordPress nella citt\u00e0 eterna?<\/p>\n<p><a class=\"more-link\" href=\"https:\/\/2018.rome.wordcamp.org\/call-for-sponsors\/\">Scopri di pi\u00f9<\/a><\/p>\n<h2>Call for Speaker<\/h2>\n<p>Hai dei contenuti che vuoi condividere o aiutare le persone a risolvere un problema che hai gi\u00e0 affrontato? Partecipa come relatore e fatti conoscere dalla <em>community<\/em> WordPress romana!<\/p>\n<p><a class=\"more-link\" href=\"https:\/\/2018.rome.wordcamp.org\/call-for-speakers\/\">Porta una presentazione<\/a><\/p>\n<h2>Call for Volunteers<\/h2>\n<p>Sicuramente un evento non si svolge da solo ma ha bisogno dell&#8217;aiuto di pi\u00f9 persone possibili. Se vuoi aiutarci nei giorni dell&#8217;evento ed entrare in contatto con decine di persone coinvolte nel mondo WordPress questa pu\u00f2 essere la tua opportunit\u00e0.<\/p>\n<p><a class=\"more-link\" href=\"https:\/\/2018.rome.wordcamp.org\/volunteer\/\">Diventa volontario<\/a><\/p>\n<hr \/>\n<p class=\"eng\">Are you interested in contributing and giving us an hand to make the<strong> WordCamp Rome 2018<\/strong> great? Here you can find the calls we have opened to participate.<\/p>\n<h2>Call for Sponsors<\/h2>\n<p>Would you like to have the chance to get your product known in front of hundreds of people and at the same time help us to organize the funniest event dedicated to WordPress in the eternal city?<\/p>\n<p><a class=\"more-link\" href=\"https:\/\/2018.rome.wordcamp.org\/call-for-sponsors\/\">Find out more<\/a><\/p>\n<h2>Call for Speakers<\/h2>\n<p>Do you have any content you would like to share or help people to solve a problem that you have already faced? Join as a speaker and get known by the Roman WordPress community!<\/p>\n<p><a class=\"more-link\" href=\"https:\/\/2018.rome.wordcamp.org\/call-for-speakers\/\">Application is open!<\/a><\/p>\n<h2>Call for Volunteers<\/h2>\n<p>For sure an event does not take place alone but needs the help of as many people as possible. If you want to help us on the days of the event and get in touch with dozens of people involved in the WordPress world this can be your chance.<\/p>\n<p><a class=\"more-link\" href=\"https:\/\/2018.rome.wordcamp.org\/volunteer\/\">Application is open!<\/a><\/p>\n","protected":false},"excerpt":{"rendered":"<p>Italian text is followed by\u00a0English Sei interessato a partecipare e a darci una mano a far diventare grande il WordCamp Roma 2018? Qua sotto puoi trovare le call che abbiamo aperto e nelle quali potresti partecipare. Call for Sponsors Vuoi avere l&#8217;opportunit\u00e0 di far conoscere il tuo prodotto a centinaia di persone e al tempo &hellip; <\/p>\n<p class=\"link-more\"><a href=\"https:\/\/rome.wordcamp.org\/2018\/calls\/\" class=\"more-link\">Leggi tutto<span class=\"screen-reader-text\"> &#8220;Calls&#8221;<\/span><\/a><\/p>\n","protected":false},"author":306029,"featured_media":0,"parent":0,"menu_order":0,"comment_status":"closed","ping_status":"closed","template":"","meta":{"jetpack_post_was_ever_published":false,"footnotes":""},"class_list":["post-345","page","type-page","status-publish","hentry"],"jetpack_sharing_enabled":true,"jetpack_shortlink":"https:\/\/wp.me\/P9XPAE-5z","_links":{"self":[{"href":"https:\/\/rome.wordcamp.org\/2018\/wp-json\/wp\/v2\/pages\/345","targetHints":{"allow":["GET"]}}],"collection":[{"href":"https:\/\/rome.wordcamp.org\/2018\/wp-json\/wp\/v2\/pages"}],"about":[{"href":"https:\/\/rome.wordcamp.org\/2018\/wp-json\/wp\/v2\/types\/page"}],"author":[{"embeddable":true,"href":"https:\/\/rome.wordcamp.org\/2018\/wp-json\/wp\/v2\/users\/306029"}],"replies":[{"embeddable":true,"href":"https:\/\/rome.wordcamp.org\/2018\/wp-json\/wp\/v2\/comments?post=345"}],"version-history":[{"count":3,"href":"https:\/\/rome.wordcamp.org\/2018\/wp-json\/wp\/v2\/pages\/345\/revisions"}],"predecessor-version":[{"id":2499,"href":"https:\/\/rome.wordcamp.org\/2018\/wp-json\/wp\/v2\/pages\/345\/revisions\/2499"}],"wp:attachment":[{"href":"https:\/\/rome.wordcamp.org\/2018\/wp-json\/wp\/v2\/media?parent=345"}],"curies":[{"name":"wp","href":"https:\/\/api.w.org\/{rel}","templated":true}]}}